{"id":144,"date":"2025-12-11T11:05:02","date_gmt":"2025-12-11T14:05:02","guid":{"rendered":"https:\/\/ecoama.eco\/?page_id=144"},"modified":"2026-04-06T19:49:29","modified_gmt":"2026-04-06T22:49:29","slug":"desenvolvimento-cosmetico-natural","status":"publish","type":"page","link":"https:\/\/ecoamalab.com.br\/?page_id=144","title":{"rendered":"Desenvolvimento Cosm\u00e9tico Natural"},"content":{"rendered":"\t\t<div data-elementor-type=\"wp-page\" data-elementor-id=\"144\" class=\"elementor elementor-144\" data-elementor-post-type=\"page\">\n\t\t\t\t<div class=\"elementor-element elementor-element-4d5b67a e-flex e-con-boxed e-con e-parent\" data-id=\"4d5b67a\" data-element_type=\"container\" data-e-type=\"container\">\n\t\t\t\t\t<div class=\"e-con-inner\">\n\t\t<div class=\"elementor-element elementor-element-076e750 e-con-full e-flex e-con e-child\" data-id=\"076e750\" data-element_type=\"container\" data-e-type=\"container\">\n\t\t<div class=\"elementor-element elementor-element-ca935c0 e-con-full e-flex e-con e-child\" data-id=\"ca935c0\" data-element_type=\"container\" data-e-type=\"container\">\n\t\t\t\t<div class=\"elementor-element elementor-element-53394b8 elementor-widget elementor-widget-heading\" data-id=\"53394b8\" data-element_type=\"widget\" data-e-type=\"widget\" data-widget_type=\"heading.default\">\n\t\t\t\t\t<h2 class=\"elementor-heading-title elementor-size-default\">Desenvolvimento Autoral de Formula\u00e7\u00f5es Naturais e Org\u00e2nicas<\/h2>\t\t\t\t<\/div>\n\t\t\t\t<div class=\"elementor-element elementor-element-8aaf8bc elementor-widget elementor-widget-text-editor\" data-id=\"8aaf8bc\" data-element_type=\"widget\" data-e-type=\"widget\" data-widget_type=\"text-editor.default\">\n\t\t\t\t\t\t\t\t\t<h5>Cria\u00e7\u00e3o t\u00e9cnica e estrat\u00e9gica de cosm\u00e9ticos com identidade bot\u00e2nica, prop\u00f3sito e coer\u00eancia regulat\u00f3ria.<\/h5>\t\t\t\t\t\t\t\t<\/div>\n\t\t\t\t<div class=\"elementor-element elementor-element-7a90aee elementor-align-center elementor-widget elementor-widget-button\" data-id=\"7a90aee\" data-element_type=\"widget\" data-e-type=\"widget\" data-widget_type=\"button.default\">\n\t\t\t\t\t\t\t\t\t\t<a class=\"elementor-button elementor-button-link elementor-size-sm\" href=\"https:\/\/ecoama.eco\/?page_id=747\" target=\"_blank\" rel=\"noopener\">\n\t\t\t\t\t\t<span class=\"elementor-button-content-wrapper\">\n\t\t\t\t\t\t\t\t\t<span class=\"elementor-button-text\">Iniciar Projeto<\/span>\n\t\t\t\t\t<\/span>\n\t\t\t\t\t<\/a>\n\t\t\t\t\t\t\t\t<\/div>\n\t\t\t\t<\/div>\n\t\t<div class=\"elementor-element elementor-element-5577094 e-con-full e-flex e-con e-child\" data-id=\"5577094\" data-element_type=\"container\" data-e-type=\"container\">\n\t\t\t\t<div class=\"elementor-element elementor-element-a81a7e4 elementor-widget elementor-widget-image\" data-id=\"a81a7e4\" data-element_type=\"widget\" data-e-type=\"widget\" data-widget_type=\"image.default\">\n\t\t\t\t\t\t\t\t\t\t\t\t\t\t\t<img decoding=\"async\" src=\"https:\/\/ecoamalab.com.br\/wp-content\/plugins\/elementor\/assets\/images\/placeholder.png\" title=\"\" alt=\"\" loading=\"lazy\" \/>\t\t\t\t\t\t\t\t\t\t\t\t\t\t\t<\/div>\n\t\t\t\t<\/div>\n\t\t\t\t<\/div>\n\t\t<div class=\"elementor-element elementor-element-4f3f434 e-con-full e-flex e-con e-child\" data-id=\"4f3f434\" data-element_type=\"container\" data-e-type=\"container\">\n\t\t<div class=\"elementor-element elementor-element-6f5934d e-con-full e-flex e-con e-child\" data-id=\"6f5934d\" data-element_type=\"container\" data-e-type=\"container\">\n\t\t\t\t<div class=\"elementor-element elementor-element-50214af elementor-widget elementor-widget-image\" data-id=\"50214af\" data-element_type=\"widget\" data-e-type=\"widget\" data-widget_type=\"image.default\">\n\t\t\t\t\t\t\t\t\t\t\t\t\t\t\t<img decoding=\"async\" src=\"https:\/\/ecoamalab.com.br\/wp-content\/plugins\/elementor\/assets\/images\/placeholder.png\" title=\"\" alt=\"\" loading=\"lazy\" \/>\t\t\t\t\t\t\t\t\t\t\t\t\t\t\t<\/div>\n\t\t\t\t<\/div>\n\t\t<div class=\"elementor-element elementor-element-ec8b62d e-con-full e-flex e-con e-child\" data-id=\"ec8b62d\" data-element_type=\"container\" data-e-type=\"container\">\n\t\t\t\t<div class=\"elementor-element elementor-element-7779b7f elementor-widget elementor-widget-heading\" data-id=\"7779b7f\" data-element_type=\"widget\" data-e-type=\"widget\" data-widget_type=\"heading.default\">\n\t\t\t\t\t<h2 class=\"elementor-heading-title elementor-size-default\">O que significa desenvolvimento autoral?<\/h2>\t\t\t\t<\/div>\n\t\t\t\t<div class=\"elementor-element elementor-element-90864ee elementor-widget elementor-widget-text-editor\" data-id=\"90864ee\" data-element_type=\"widget\" data-e-type=\"widget\" data-widget_type=\"text-editor.default\">\n\t\t\t\t\t\t\t\t\t<h5>Desenvolvimento autoral n\u00e3o \u00e9 a adapta\u00e7\u00e3o de f\u00f3rmulas prontas.<\/h5><h5>\u00c9 a cria\u00e7\u00e3o personalizada constru\u00edda a partir da identidade da marca, do conceito do projeto e da escolha consciente de mat\u00e9rias-primas naturais e org\u00e2nicas.<\/h5><h5>Cada formula\u00e7\u00e3o nasce de um processo t\u00e9cnico e estrat\u00e9gico que considera viabilidade, seguran\u00e7a e coer\u00eancia com o prop\u00f3sito da marca.<\/h5>\t\t\t\t\t\t\t\t<\/div>\n\t\t\t\t<\/div>\n\t\t\t\t<\/div>\n\t\t<div class=\"elementor-element elementor-element-f933496 e-con-full e-flex e-con e-child\" data-id=\"f933496\" data-element_type=\"container\" data-e-type=\"container\">\n\t\t<div class=\"elementor-element elementor-element-515351a e-con-full e-flex e-con e-child\" data-id=\"515351a\" data-element_type=\"container\" data-e-type=\"container\">\n\t\t\t\t<div class=\"elementor-element elementor-element-d84dced elementor-widget elementor-widget-heading\" data-id=\"d84dced\" data-element_type=\"widget\" data-e-type=\"widget\" data-widget_type=\"heading.default\">\n\t\t\t\t\t<h2 class=\"elementor-heading-title elementor-size-default\">Para quem \u00e9 este servi\u00e7o?<\/h2>\t\t\t\t<\/div>\n\t\t\t\t<div class=\"elementor-element elementor-element-81570aa elementor-widget elementor-widget-text-editor\" data-id=\"81570aa\" data-element_type=\"widget\" data-e-type=\"widget\" data-widget_type=\"text-editor.default\">\n\t\t\t\t\t\t\t\t\t<ul><li><h5>Profissionais da \u00e1rea da beleza natural<\/h5><\/li><li><h5>Reformula\u00e7\u00e3o de produtos existentes<\/h5><\/li><li><h5>Desenvolvimento de linha completa<\/h5><\/li><\/ul>\t\t\t\t\t\t\t\t<\/div>\n\t\t\t\t<div class=\"elementor-element elementor-element-e2a77b8 elementor-widget elementor-widget-text-editor\" data-id=\"e2a77b8\" data-element_type=\"widget\" data-e-type=\"widget\" data-widget_type=\"text-editor.default\">\n\t\t\t\t\t\t\t\t\t<ul><li><h5>Marcas que desejam lan\u00e7ar linha pr\u00f3pria natural ou org\u00e2nica<\/h5><\/li><li><h5>Empreendedores que buscam identidade cosm\u00e9tica pr\u00f3pria<\/h5><\/li><li><h5>Projetos alinhados a sustentabilidade<\/h5><\/li><\/ul>\t\t\t\t\t\t\t\t<\/div>\n\t\t\t\t<\/div>\n\t\t<div class=\"elementor-element elementor-element-96a6b97 e-con-full e-flex e-con e-child\" data-id=\"96a6b97\" data-element_type=\"container\" data-e-type=\"container\">\n\t\t\t\t<div class=\"elementor-element elementor-element-cb266d5 elementor-widget elementor-widget-image\" data-id=\"cb266d5\" data-element_type=\"widget\" data-e-type=\"widget\" data-widget_type=\"image.default\">\n\t\t\t\t\t\t\t\t\t\t\t\t\t\t\t<img decoding=\"async\" src=\"https:\/\/ecoamalab.com.br\/wp-content\/plugins\/elementor\/assets\/images\/placeholder.png\" title=\"\" alt=\"\" loading=\"lazy\" \/>\t\t\t\t\t\t\t\t\t\t\t\t\t\t\t<\/div>\n\t\t\t\t<\/div>\n\t\t\t\t<\/div>\n\t\t<div class=\"elementor-element elementor-element-7d3d11d e-con-full e-flex e-con e-child\" data-id=\"7d3d11d\" data-element_type=\"container\" data-e-type=\"container\">\n\t\t<div class=\"elementor-element elementor-element-7f2f2a1 e-con-full e-flex e-con e-child\" data-id=\"7f2f2a1\" data-element_type=\"container\" data-e-type=\"container\">\n\t\t\t\t<div class=\"elementor-element elementor-element-3406aaa elementor-widget elementor-widget-image\" data-id=\"3406aaa\" data-element_type=\"widget\" data-e-type=\"widget\" data-widget_type=\"image.default\">\n\t\t\t\t\t\t\t\t\t\t\t\t\t\t\t<img decoding=\"async\" src=\"https:\/\/ecoamalab.com.br\/wp-content\/plugins\/elementor\/assets\/images\/placeholder.png\" title=\"\" alt=\"\" loading=\"lazy\" \/>\t\t\t\t\t\t\t\t\t\t\t\t\t\t\t<\/div>\n\t\t\t\t<\/div>\n\t\t<div class=\"elementor-element elementor-element-a15e38e e-con-full e-flex e-con e-child\" data-id=\"a15e38e\" data-element_type=\"container\" data-e-type=\"container\">\n\t\t\t\t<div class=\"elementor-element elementor-element-5d0da05 elementor-widget elementor-widget-heading\" data-id=\"5d0da05\" data-element_type=\"widget\" data-e-type=\"widget\" data-widget_type=\"heading.default\">\n\t\t\t\t\t<h2 class=\"elementor-heading-title elementor-size-default\">Como funciona o processo<\/h2>\t\t\t\t<\/div>\n\t\t\t\t<div class=\"elementor-element elementor-element-afcf6b0 elementor-widget elementor-widget-text-editor\" data-id=\"afcf6b0\" data-element_type=\"widget\" data-e-type=\"widget\" data-widget_type=\"text-editor.default\">\n\t\t\t\t\t\t\t\t\t<ol><li><h5>Imers\u00e3o e briefing t\u00e9cnico<\/h5><\/li><li><h5>Direcionamento conceitual e estrat\u00e9gico<\/h5><\/li><li><h5>Pesquisa e sele\u00e7\u00e3o de ativos naturais<\/h5><\/li><li><h5>Desenvolvimento da formula\u00e7\u00e3o\u00a0<\/h5><\/li><li><h5>Teste e ajustes<\/h5><\/li><li><h5>Entrega t\u00e9cnica documentada<\/h5><\/li><\/ol>\t\t\t\t\t\t\t\t<\/div>\n\t\t\t\t<\/div>\n\t\t\t\t<\/div>\n\t\t<div class=\"elementor-element elementor-element-093a6ec e-con-full e-flex e-con e-child\" data-id=\"093a6ec\" data-element_type=\"container\" data-e-type=\"container\">\n\t\t<div class=\"elementor-element elementor-element-aedd59d e-con-full e-flex e-con e-child\" data-id=\"aedd59d\" data-element_type=\"container\" data-e-type=\"container\">\n\t\t\t\t<div class=\"elementor-element elementor-element-6c64b93 elementor-widget elementor-widget-heading\" data-id=\"6c64b93\" data-element_type=\"widget\" data-e-type=\"widget\" data-widget_type=\"heading.default\">\n\t\t\t\t\t<h2 class=\"elementor-heading-title elementor-size-default\">Diferenciais Ecoama<\/h2>\t\t\t\t<\/div>\n\t\t\t\t<div class=\"elementor-element elementor-element-0a31528 elementor-widget elementor-widget-text-editor\" data-id=\"0a31528\" data-element_type=\"widget\" data-e-type=\"widget\" data-widget_type=\"text-editor.default\">\n\t\t\t\t\t\t\t\t\t<ul><li><h5>Uso estrat\u00e9gico de bioativos brasileiros<\/h5><\/li><li><h5>Integra\u00e7\u00e3o entre tradi\u00e7\u00e3o popular e ci\u00eancia cosm\u00e9tica<\/h5><\/li><li><h5>Formula\u00e7\u00f5es alinhadas a legisla\u00e7\u00e3o vigente<\/h5><\/li><li><h5>Coer\u00eancia entre sustentabilidade e t\u00e9cnica<\/h5><\/li><\/ul>\t\t\t\t\t\t\t\t<\/div>\n\t\t\t\t<\/div>\n\t\t<div class=\"elementor-element elementor-element-014bb4d e-con-full e-flex e-con e-child\" data-id=\"014bb4d\" data-element_type=\"container\" data-e-type=\"container\">\n\t\t\t\t<div class=\"elementor-element elementor-element-e157e55 elementor-widget elementor-widget-image\" data-id=\"e157e55\" data-element_type=\"widget\" data-e-type=\"widget\" data-widget_type=\"image.default\">\n\t\t\t\t\t\t\t\t\t\t\t\t\t\t\t<img decoding=\"async\" src=\"https:\/\/ecoamalab.com.br\/wp-content\/plugins\/elementor\/assets\/images\/placeholder.png\" title=\"\" alt=\"\" loading=\"lazy\" \/>\t\t\t\t\t\t\t\t\t\t\t\t\t\t\t<\/div>\n\t\t\t\t<\/div>\n\t\t\t\t<\/div>\n\t\t\t\t\t<\/div>\n\t\t\t\t<\/div>\n\t\t<div class=\"elementor-element elementor-element-5e05549 e-grid e-con-boxed e-con e-parent\" data-id=\"5e05549\" data-element_type=\"container\" data-e-type=\"container\" data-settings=\"{&quot;background_background&quot;:&quot;gradient&quot;}\">\n\t\t\t\t\t<div class=\"e-con-inner\">\n\t\t\t\t<div class=\"elementor-element elementor-element-15a7cd5 elementor-widget elementor-widget-text-editor\" data-id=\"15a7cd5\" data-element_type=\"widget\" data-e-type=\"widget\" data-widget_type=\"text-editor.default\">\n\t\t\t\t\t\t\t\t\t<h5>Cada projeto \u00e9 analisado individualmente, considerando alinhamento t\u00e9cnico e filos\u00f3fico com a proposta da Ecoama.<\/h5><h5>O desenvolvimento \u00e9 indicado para marcas que desejam construir identidade e n\u00e3o apenas replicar tend\u00eancias de mercado.<\/h5>\t\t\t\t\t\t\t\t<\/div>\n\t\t\t\t<div class=\"elementor-element elementor-element-b2ba097 elementor-widget elementor-widget-heading\" data-id=\"b2ba097\" data-element_type=\"widget\" data-e-type=\"widget\" data-widget_type=\"heading.default\">\n\t\t\t\t\t<h2 class=\"elementor-heading-title elementor-size-default\">Inicie seu projeto<\/h2>\t\t\t\t<\/div>\n\t\t\t\t<div class=\"elementor-element elementor-element-b08267b elementor-widget elementor-widget-text-editor\" data-id=\"b08267b\" data-element_type=\"widget\" data-e-type=\"widget\" data-widget_type=\"text-editor.default\">\n\t\t\t\t\t\t\t\t\t<h5>Envie as informa\u00e7\u00f5es iniciais para an\u00e1lise do seu projeto<\/h5>\t\t\t\t\t\t\t\t<\/div>\n\t\t\t\t<div class=\"elementor-element elementor-element-64374f9 elementor-align-center elementor-widget elementor-widget-button\" data-id=\"64374f9\" data-element_type=\"widget\" data-e-type=\"widget\" data-widget_type=\"button.default\">\n\t\t\t\t\t\t\t\t\t\t<a class=\"elementor-button elementor-button-link elementor-size-sm\" href=\"https:\/\/ecoama.eco\/?page_id=755\" target=\"_blank\" rel=\"noopener\">\n\t\t\t\t\t\t<span class=\"elementor-button-content-wrapper\">\n\t\t\t\t\t\t\t\t\t<span class=\"elementor-button-text\">Enviar Briefing Inicial<\/span>\n\t\t\t\t\t<\/span>\n\t\t\t\t\t<\/a>\n\t\t\t\t\t\t\t\t<\/div>\n\t\t\t\t\t<\/div>\n\t\t\t\t<\/div>\n\t\t\t\t<\/div>\n\t\t","protected":false},"excerpt":{"rendered":"<p>Desenvolvimento Autoral de Formula\u00e7\u00f5es Naturais e Org\u00e2nicas Cria\u00e7\u00e3o t\u00e9cnica e estrat\u00e9gica de cosm\u00e9ticos com identidade bot\u00e2nica, prop\u00f3sito e coer\u00eancia regulat\u00f3ria. Iniciar Projeto O que significa desenvolvimento autoral? Desenvolvimento autoral n\u00e3o \u00e9 a adapta\u00e7\u00e3o de f\u00f3rmulas prontas. \u00c9 a cria\u00e7\u00e3o personalizada constru\u00edda a partir da identidade da marca, do conceito do projeto e da escolha consciente [&hellip;]<\/p>\n","protected":false},"author":1,"featured_media":0,"parent":0,"menu_order":0,"comment_status":"closed","ping_status":"closed","template":"","meta":{"footnotes":""},"class_list":["post-144","page","type-page","status-publish","hentry"],"_links":{"self":[{"href":"https:\/\/ecoamalab.com.br\/index.php?rest_route=\/wp\/v2\/pages\/144","targetHints":{"allow":["GET"]}}],"collection":[{"href":"https:\/\/ecoamalab.com.br\/index.php?rest_route=\/wp\/v2\/pages"}],"about":[{"href":"https:\/\/ecoamalab.com.br\/index.php?rest_route=\/wp\/v2\/types\/page"}],"author":[{"embeddable":true,"href":"https:\/\/ecoamalab.com.br\/index.php?rest_route=\/wp\/v2\/users\/1"}],"replies":[{"embeddable":true,"href":"https:\/\/ecoamalab.com.br\/index.php?rest_route=%2Fwp%2Fv2%2Fcomments&post=144"}],"version-history":[{"count":59,"href":"https:\/\/ecoamalab.com.br\/index.php?rest_route=\/wp\/v2\/pages\/144\/revisions"}],"predecessor-version":[{"id":1020,"href":"https:\/\/ecoamalab.com.br\/index.php?rest_route=\/wp\/v2\/pages\/144\/revisions\/1020"}],"wp:attachment":[{"href":"https:\/\/ecoamalab.com.br\/index.php?rest_route=%2Fwp%2Fv2%2Fmedia&parent=144"}],"curies":[{"name":"wp","href":"https:\/\/api.w.org\/{rel}","templated":true}]}}