{"id":134,"date":"2025-12-11T11:01:58","date_gmt":"2025-12-11T14:01:58","guid":{"rendered":"https:\/\/ecoama.eco\/?page_id=134"},"modified":"2026-04-06T19:57:20","modified_gmt":"2026-04-06T22:57:20","slug":"home","status":"publish","type":"page","link":"https:\/\/ecoamalab.com.br\/?page_id=134","title":{"rendered":"Nossa Hist\u00f3ria"},"content":{"rendered":"\t\t<div data-elementor-type=\"wp-page\" data-elementor-id=\"134\" class=\"elementor elementor-134\" data-elementor-post-type=\"page\">\n\t\t\t\t<div class=\"elementor-element elementor-element-58288a1 e-flex e-con-boxed e-con e-parent\" data-id=\"58288a1\" data-element_type=\"container\" data-e-type=\"container\">\n\t\t\t\t\t<div class=\"e-con-inner\">\n\t\t<div class=\"elementor-element elementor-element-0ddd611 e-con-full e-flex e-con e-child\" data-id=\"0ddd611\" data-element_type=\"container\" data-e-type=\"container\">\n\t\t\t\t<div class=\"elementor-element elementor-element-50947f7 elementor-widget elementor-widget-image\" data-id=\"50947f7\" data-element_type=\"widget\" data-e-type=\"widget\" data-widget_type=\"image.default\">\n\t\t\t\t\t\t\t\t\t\t\t\t<figure class=\"wp-caption\">\n\t\t\t\t\t\t\t\t\t\t<img fetchpriority=\"high\" decoding=\"async\" width=\"768\" height=\"1024\" src=\"https:\/\/ecoamalab.com.br\/wp-content\/uploads\/2026\/01\/IMG_0269-768x1024.jpg\" class=\"attachment-medium_large size-medium_large wp-image-294\" alt=\"\" srcset=\"https:\/\/ecoamalab.com.br\/wp-content\/uploads\/2026\/01\/IMG_0269-768x1024.jpg 768w, https:\/\/ecoamalab.com.br\/wp-content\/uploads\/2026\/01\/IMG_0269-scaled-600x800.jpg 600w, https:\/\/ecoamalab.com.br\/wp-content\/uploads\/2026\/01\/IMG_0269-225x300.jpg 225w, https:\/\/ecoamalab.com.br\/wp-content\/uploads\/2026\/01\/IMG_0269-1152x1536.jpg 1152w, https:\/\/ecoamalab.com.br\/wp-content\/uploads\/2026\/01\/IMG_0269-1536x2048.jpg 1536w, https:\/\/ecoamalab.com.br\/wp-content\/uploads\/2026\/01\/IMG_0269-scaled.jpg 1920w\" sizes=\"(max-width: 768px) 100vw, 768px\" \/>\t\t\t\t\t\t\t\t\t\t\t<figcaption class=\"widget-image-caption wp-caption-text\"><\/figcaption>\n\t\t\t\t\t\t\t\t\t\t<\/figure>\n\t\t\t\t\t\t\t\t\t<\/div>\n\t\t\t\t<\/div>\n\t\t<div class=\"elementor-element elementor-element-13486a2 e-con-full e-flex e-con e-child\" data-id=\"13486a2\" data-element_type=\"container\" data-e-type=\"container\">\n\t\t\t\t<div class=\"elementor-element elementor-element-3989385 elementor-widget elementor-widget-heading\" data-id=\"3989385\" data-element_type=\"widget\" data-e-type=\"widget\" data-widget_type=\"heading.default\">\n\t\t\t\t\t<h3 class=\"elementor-heading-title elementor-size-default\">Herborista Natural - Isabela Leal<\/h3>\t\t\t\t<\/div>\n\t\t\t\t<div class=\"elementor-element elementor-element-93347a6 elementor-widget elementor-widget-text-editor\" data-id=\"93347a6\" data-element_type=\"widget\" data-e-type=\"widget\" data-widget_type=\"text-editor.default\">\n\t\t\t\t\t\t\t\t\t<h5>Sou <strong data-start=\"267\" data-end=\"337\">Qu\u00edmica e especialista em Pesquisa e Desenvolvimento de Cosm\u00e9ticos<\/strong>.<br data-start=\"338\" data-end=\"341\" \/>Doutora em Geoqu\u00edmica Ambiental, com P\u00f3s-Doutorado em Metab\u00f3litos Secund\u00e1rios de Plantas Medicinais. Iniciada na Espagiria \u2014 a Qu\u00edmica Antiga \u2014 e descendente de mulheres curandeiras, integro ci\u00eancia, tradi\u00e7\u00e3o e observa\u00e7\u00e3o da natureza no desenvolvimento das minhas formula\u00e7\u00f5es e estudos.<\/h5>\t\t\t\t\t\t\t\t<\/div>\n\t\t\t\t<\/div>\n\t\t\t\t\t<\/div>\n\t\t\t\t<\/div>\n\t\t<div class=\"elementor-element elementor-element-e316e2d e-flex e-con-boxed e-con e-parent\" data-id=\"e316e2d\" data-element_type=\"container\" data-e-type=\"container\">\n\t\t\t\t\t<div class=\"e-con-inner\">\n\t\t<div class=\"elementor-element elementor-element-9b28c47 e-con-full e-flex e-con e-child\" data-id=\"9b28c47\" data-element_type=\"container\" data-e-type=\"container\">\n\t\t\t\t<div class=\"elementor-element elementor-element-081c84c elementor-widget elementor-widget-heading\" data-id=\"081c84c\" data-element_type=\"widget\" data-e-type=\"widget\" data-widget_type=\"heading.default\">\n\t\t\t\t\t<h2 class=\"elementor-heading-title elementor-size-default\">Nossa Jornada<\/h2>\t\t\t\t<\/div>\n\t\t\t\t<div class=\"elementor-element elementor-element-c188b95 elementor-widget elementor-widget-text-editor\" data-id=\"c188b95\" data-element_type=\"widget\" data-e-type=\"widget\" data-widget_type=\"text-editor.default\">\n\t\t\t\t\t\t\t\t\t<h5>2020, in\u00edcio da Pandemia do Covid 19. Iniciei um grupo de WhatsApp com amigas pr\u00f3ximas que se dispuseram a testar os primeiros produtos da Ecoama e desenvolvi os primeiros produtos. Inclusive o nome foi escolhido em colabora\u00e7\u00e3o com essas mulheres.<\/h5>\t\t\t\t\t\t\t\t<\/div>\n\t\t\t\t<\/div>\n\t\t<div class=\"elementor-element elementor-element-b0a98c3 e-con-full e-flex e-con e-child\" data-id=\"b0a98c3\" data-element_type=\"container\" data-e-type=\"container\">\n\t\t\t\t<div class=\"elementor-element elementor-element-9ed2bb2 elementor-widget elementor-widget-image\" data-id=\"9ed2bb2\" data-element_type=\"widget\" data-e-type=\"widget\" data-widget_type=\"image.default\">\n\t\t\t\t\t\t\t\t\t\t\t\t\t\t\t<img decoding=\"async\" width=\"768\" height=\"768\" src=\"https:\/\/ecoamalab.com.br\/wp-content\/uploads\/2026\/01\/produtos2-768x768.jpg\" class=\"attachment-medium_large size-medium_large wp-image-304\" alt=\"\" srcset=\"https:\/\/ecoamalab.com.br\/wp-content\/uploads\/2026\/01\/produtos2-768x768.jpg 768w, https:\/\/ecoamalab.com.br\/wp-content\/uploads\/2026\/01\/produtos2-300x300.jpg 300w, https:\/\/ecoamalab.com.br\/wp-content\/uploads\/2026\/01\/produtos2-100x100.jpg 100w, https:\/\/ecoamalab.com.br\/wp-content\/uploads\/2026\/01\/produtos2-600x600.jpg 600w, https:\/\/ecoamalab.com.br\/wp-content\/uploads\/2026\/01\/produtos2-1024x1024.jpg 1024w, https:\/\/ecoamalab.com.br\/wp-content\/uploads\/2026\/01\/produtos2-150x150.jpg 150w, https:\/\/ecoamalab.com.br\/wp-content\/uploads\/2026\/01\/produtos2.jpg 1080w\" sizes=\"(max-width: 768px) 100vw, 768px\" \/>\t\t\t\t\t\t\t\t\t\t\t\t\t\t\t<\/div>\n\t\t\t\t<\/div>\n\t\t\t\t\t<\/div>\n\t\t\t\t<\/div>\n\t\t<div class=\"elementor-element elementor-element-432e142 e-flex e-con-boxed e-con e-parent\" data-id=\"432e142\" data-element_type=\"container\" data-e-type=\"container\">\n\t\t\t\t\t<div class=\"e-con-inner\">\n\t\t<div class=\"elementor-element elementor-element-a61987d e-con-full e-flex e-con e-child\" data-id=\"a61987d\" data-element_type=\"container\" data-e-type=\"container\">\n\t\t\t\t<div class=\"elementor-element elementor-element-2b66b8b elementor-widget elementor-widget-n-accordion\" data-id=\"2b66b8b\" data-element_type=\"widget\" data-e-type=\"widget\" data-settings=\"{&quot;default_state&quot;:&quot;expanded&quot;,&quot;max_items_expended&quot;:&quot;one&quot;,&quot;n_accordion_animation_duration&quot;:{&quot;unit&quot;:&quot;ms&quot;,&quot;size&quot;:400,&quot;sizes&quot;:[]}}\" data-widget_type=\"nested-accordion.default\">\n\t\t\t\t\t\t\t<div class=\"e-n-accordion\" aria-label=\"Accordion. Open links with Enter or Space, close with Escape, and navigate with Arrow Keys\">\n\t\t\t\t\t\t<details id=\"e-n-accordion-item-4550\" class=\"e-n-accordion-item\" open>\n\t\t\t\t<summary class=\"e-n-accordion-item-title\" data-accordion-index=\"1\" tabindex=\"0\" aria-expanded=\"true\" aria-controls=\"e-n-accordion-item-4550\" >\n\t\t\t\t\t<span class='e-n-accordion-item-title-header'><div class=\"e-n-accordion-item-title-text\"> 2021: Participa\u00e7\u00e3o em Feiras e Eventos no RJ' <\/div><\/span>\n\t\t\t\t\t\t\t<span class='e-n-accordion-item-title-icon'>\n\t\t\t<span class='e-opened' ><svg aria-hidden=\"true\" class=\"e-font-icon-svg e-fas-minus\" viewBox=\"0 0 448 512\" xmlns=\"http:\/\/www.w3.org\/2000\/svg\"><path d=\"M416 208H32c-17.67 0-32 14.33-32 32v32c0 17.67 14.33 32 32 32h384c17.67 0 32-14.33 32-32v-32c0-17.67-14.33-32-32-32z\"><\/path><\/svg><\/span>\n\t\t\t<span class='e-closed'><svg aria-hidden=\"true\" class=\"e-font-icon-svg e-fas-plus\" viewBox=\"0 0 448 512\" xmlns=\"http:\/\/www.w3.org\/2000\/svg\"><path d=\"M416 208H272V64c0-17.67-14.33-32-32-32h-32c-17.67 0-32 14.33-32 32v144H32c-17.67 0-32 14.33-32 32v32c0 17.67 14.33 32 32 32h144v144c0 17.67 14.33 32 32 32h32c17.67 0 32-14.33 32-32V304h144c17.67 0 32-14.33 32-32v-32c0-17.67-14.33-32-32-32z\"><\/path><\/svg><\/span>\n\t\t<\/span>\n\n\t\t\t\t\t\t<\/summary>\n\t\t\t\t<div role=\"region\" aria-labelledby=\"e-n-accordion-item-4550\" class=\"elementor-element elementor-element-802c16a e-con-full e-flex e-con e-child\" data-id=\"802c16a\" data-element_type=\"container\" data-e-type=\"container\">\n\t\t<div role=\"region\" aria-labelledby=\"e-n-accordion-item-4550\" class=\"elementor-element elementor-element-f08c56a e-flex e-con-boxed e-con e-child\" data-id=\"f08c56a\" data-element_type=\"container\" data-e-type=\"container\">\n\t\t\t\t\t<div class=\"e-con-inner\">\n\t\t\t\t<div class=\"elementor-element elementor-element-5feca9b elementor-widget elementor-widget-image\" data-id=\"5feca9b\" data-element_type=\"widget\" data-e-type=\"widget\" data-widget_type=\"image.default\">\n\t\t\t\t\t\t\t\t\t\t\t\t\t\t\t<img decoding=\"async\" width=\"1600\" height=\"900\" src=\"https:\/\/ecoamalab.com.br\/wp-content\/uploads\/2026\/01\/IMG-20250923-WA0035.jpg\" class=\"attachment-full size-full wp-image-303\" alt=\"\" srcset=\"https:\/\/ecoamalab.com.br\/wp-content\/uploads\/2026\/01\/IMG-20250923-WA0035.jpg 1600w, https:\/\/ecoamalab.com.br\/wp-content\/uploads\/2026\/01\/IMG-20250923-WA0035-600x338.jpg 600w, https:\/\/ecoamalab.com.br\/wp-content\/uploads\/2026\/01\/IMG-20250923-WA0035-300x169.jpg 300w, https:\/\/ecoamalab.com.br\/wp-content\/uploads\/2026\/01\/IMG-20250923-WA0035-1024x576.jpg 1024w, https:\/\/ecoamalab.com.br\/wp-content\/uploads\/2026\/01\/IMG-20250923-WA0035-768x432.jpg 768w, https:\/\/ecoamalab.com.br\/wp-content\/uploads\/2026\/01\/IMG-20250923-WA0035-1536x864.jpg 1536w\" sizes=\"(max-width: 1600px) 100vw, 1600px\" \/>\t\t\t\t\t\t\t\t\t\t\t\t\t\t\t<\/div>\n\t\t\t\t\t<\/div>\n\t\t\t\t<\/div>\n\t\t\t\t<\/div>\n\t\t\t\t\t<\/details>\n\t\t\t\t\t\t<details id=\"e-n-accordion-item-4551\" class=\"e-n-accordion-item\" >\n\t\t\t\t<summary class=\"e-n-accordion-item-title\" data-accordion-index=\"2\" tabindex=\"-1\" aria-expanded=\"false\" aria-controls=\"e-n-accordion-item-4551\" >\n\t\t\t\t\t<span class='e-n-accordion-item-title-header'><div class=\"e-n-accordion-item-title-text\"> 2022: 'Registrar o B\u00e1lsamo Nutritivo na Anvisa foi minha decis\u00e3o. Nasceu a\u00ed a linha N\u00e9ctar Brasileiro e toda sua arte. Apenas o produto notificado passou a ser vendido.\" <\/div><\/span>\n\t\t\t\t\t\t\t<span class='e-n-accordion-item-title-icon'>\n\t\t\t<span class='e-opened' ><svg aria-hidden=\"true\" class=\"e-font-icon-svg e-fas-minus\" viewBox=\"0 0 448 512\" xmlns=\"http:\/\/www.w3.org\/2000\/svg\"><path d=\"M416 208H32c-17.67 0-32 14.33-32 32v32c0 17.67 14.33 32 32 32h384c17.67 0 32-14.33 32-32v-32c0-17.67-14.33-32-32-32z\"><\/path><\/svg><\/span>\n\t\t\t<span class='e-closed'><svg aria-hidden=\"true\" class=\"e-font-icon-svg e-fas-plus\" viewBox=\"0 0 448 512\" xmlns=\"http:\/\/www.w3.org\/2000\/svg\"><path d=\"M416 208H272V64c0-17.67-14.33-32-32-32h-32c-17.67 0-32 14.33-32 32v144H32c-17.67 0-32 14.33-32 32v32c0 17.67 14.33 32 32 32h144v144c0 17.67 14.33 32 32 32h32c17.67 0 32-14.33 32-32V304h144c17.67 0 32-14.33 32-32v-32c0-17.67-14.33-32-32-32z\"><\/path><\/svg><\/span>\n\t\t<\/span>\n\n\t\t\t\t\t\t<\/summary>\n\t\t\t\t<div role=\"region\" aria-labelledby=\"e-n-accordion-item-4551\" class=\"elementor-element elementor-element-6a10fd8 e-con-full e-flex e-con e-child\" data-id=\"6a10fd8\" data-element_type=\"container\" data-e-type=\"container\">\n\t\t<div role=\"region\" aria-labelledby=\"e-n-accordion-item-4551\" class=\"elementor-element elementor-element-5834f42 e-flex e-con-boxed e-con e-child\" data-id=\"5834f42\" data-element_type=\"container\" data-e-type=\"container\">\n\t\t\t\t\t<div class=\"e-con-inner\">\n\t\t\t\t<div class=\"elementor-element elementor-element-8a53276 elementor-widget elementor-widget-image\" data-id=\"8a53276\" data-element_type=\"widget\" data-e-type=\"widget\" data-widget_type=\"image.default\">\n\t\t\t\t\t\t\t\t\t\t\t\t\t\t\t<img loading=\"lazy\" decoding=\"async\" width=\"1651\" height=\"2560\" src=\"https:\/\/ecoamalab.com.br\/wp-content\/uploads\/2026\/01\/fotos-ecoama_46-scaled.png\" class=\"attachment-full size-full wp-image-301\" alt=\"\" srcset=\"https:\/\/ecoamalab.com.br\/wp-content\/uploads\/2026\/01\/fotos-ecoama_46-scaled.png 1651w, https:\/\/ecoamalab.com.br\/wp-content\/uploads\/2026\/01\/fotos-ecoama_46-scaled-600x930.png 600w, https:\/\/ecoamalab.com.br\/wp-content\/uploads\/2026\/01\/fotos-ecoama_46-193x300.png 193w, https:\/\/ecoamalab.com.br\/wp-content\/uploads\/2026\/01\/fotos-ecoama_46-660x1024.png 660w, https:\/\/ecoamalab.com.br\/wp-content\/uploads\/2026\/01\/fotos-ecoama_46-768x1191.png 768w, https:\/\/ecoamalab.com.br\/wp-content\/uploads\/2026\/01\/fotos-ecoama_46-990x1536.png 990w, https:\/\/ecoamalab.com.br\/wp-content\/uploads\/2026\/01\/fotos-ecoama_46-1320x2048.png 1320w\" sizes=\"(max-width: 1651px) 100vw, 1651px\" \/>\t\t\t\t\t\t\t\t\t\t\t\t\t\t\t<\/div>\n\t\t\t\t\t<\/div>\n\t\t\t\t<\/div>\n\t\t\t\t<\/div>\n\t\t\t\t\t<\/details>\n\t\t\t\t\t<\/div>\n\t\t\t\t\t\t<\/div>\n\t\t\t\t<\/div>\n\t\t\t\t\t<\/div>\n\t\t\t\t<\/div>\n\t\t<div class=\"elementor-element elementor-element-81a888d e-flex e-con-boxed e-con e-parent\" data-id=\"81a888d\" data-element_type=\"container\" data-e-type=\"container\">\n\t\t\t\t\t<div class=\"e-con-inner\">\n\t\t<div class=\"elementor-element elementor-element-cfafe56 e-con-full e-flex e-con e-child\" data-id=\"cfafe56\" data-element_type=\"container\" data-e-type=\"container\">\n\t\t\t\t<div class=\"elementor-element elementor-element-46f92a1 elementor-widget elementor-widget-text-editor\" data-id=\"46f92a1\" data-element_type=\"widget\" data-e-type=\"widget\" data-widget_type=\"text-editor.default\">\n\t\t\t\t\t\t\t\t\t<h5>A Ecoama contou, em parte de sua trajet\u00f3ria, com a parceria de Filipe Campos, profissional da \u00e1rea de marketing. Nesse per\u00edodo, foram estruturados o sistema de gest\u00e3o, o modelo de neg\u00f3cios e importantes articula\u00e7\u00f5es estrat\u00e9gicas. A marca tamb\u00e9m avan\u00e7ou em editais e programas de fomento, sendo selecionada nas etapas finais de iniciativas como Produtos e Servi\u00e7os da Natureza (Funda\u00e7\u00e3o Botic\u00e1rio), Motir\u00f4 e Fundepar (Parque Tecnol\u00f3gico BH\/UFMG).<\/h5>\t\t\t\t\t\t\t\t<\/div>\n\t\t\t\t<\/div>\n\t\t<div class=\"elementor-element elementor-element-fe440aa e-con-full e-flex e-con e-child\" data-id=\"fe440aa\" data-element_type=\"container\" data-e-type=\"container\">\n\t\t\t\t<div class=\"elementor-element elementor-element-20ad6d2 elementor-widget elementor-widget-image\" data-id=\"20ad6d2\" data-element_type=\"widget\" data-e-type=\"widget\" data-widget_type=\"image.default\">\n\t\t\t\t\t\t\t\t\t\t\t\t\t\t\t<img loading=\"lazy\" decoding=\"async\" width=\"800\" height=\"800\" src=\"https:\/\/ecoamalab.com.br\/wp-content\/uploads\/2026\/01\/row-1-column-1-e1775516216589-1024x1024.jpg\" class=\"attachment-large size-large wp-image-305\" alt=\"\" srcset=\"https:\/\/ecoamalab.com.br\/wp-content\/uploads\/2026\/01\/row-1-column-1-e1775516216589-1024x1024.jpg 1024w, https:\/\/ecoamalab.com.br\/wp-content\/uploads\/2026\/01\/row-1-column-1-e1775516216589-300x300.jpg 300w, https:\/\/ecoamalab.com.br\/wp-content\/uploads\/2026\/01\/row-1-column-1-e1775516216589-100x100.jpg 100w, https:\/\/ecoamalab.com.br\/wp-content\/uploads\/2026\/01\/row-1-column-1-e1775516216589-600x600.jpg 600w, https:\/\/ecoamalab.com.br\/wp-content\/uploads\/2026\/01\/row-1-column-1-e1775516216589-150x150.jpg 150w, https:\/\/ecoamalab.com.br\/wp-content\/uploads\/2026\/01\/row-1-column-1-e1775516216589-768x768.jpg 768w, https:\/\/ecoamalab.com.br\/wp-content\/uploads\/2026\/01\/row-1-column-1-e1775516216589.jpg 1080w\" sizes=\"(max-width: 800px) 100vw, 800px\" \/>\t\t\t\t\t\t\t\t\t\t\t\t\t\t\t<\/div>\n\t\t\t\t<\/div>\n\t\t\t\t\t<\/div>\n\t\t\t\t<\/div>\n\t\t<div class=\"elementor-element elementor-element-4a00ac6 e-flex e-con-boxed e-con e-parent\" data-id=\"4a00ac6\" data-element_type=\"container\" data-e-type=\"container\">\n\t\t\t\t\t<div class=\"e-con-inner\">\n\t\t\t\t<div class=\"elementor-element elementor-element-5a71f04 elementor-cta--skin-classic elementor-animated-content elementor-widget elementor-widget-call-to-action\" data-id=\"5a71f04\" data-element_type=\"widget\" data-e-type=\"widget\" data-widget_type=\"call-to-action.default\">\n\t\t\t\t\t\t\t<div class=\"elementor-cta\">\r\n\t\t\t\t\t<div class=\"elementor-cta__bg-wrapper\">\r\n\t\t\t\t<div class=\"elementor-cta__bg elementor-bg\" style=\"background-image: url(https:\/\/ecoamalab.com.br\/wp-content\/uploads\/2026\/02\/fotos-ecoama_50-660x1024.png);\" role=\"img\" aria-label=\"fotos ecoama_50\"><\/div>\r\n\t\t\t\t<div class=\"elementor-cta__bg-overlay\"><\/div>\r\n\t\t\t<\/div>\r\n\t\t\t\t\t\t\t<div class=\"elementor-cta__content\">\r\n\t\t\t\t\r\n\t\t\t\t\r\n\t\t\t\t\t\t\t\t\t<h5 class=\"elementor-cta__description elementor-cta__content-item elementor-content-item\">\r\n\t\t\t\t\t\tEm 2026, a Ecoama retorna integralmente ao modelo artesanal, fortalecida pelo novo marco regulat\u00f3rio que reconhece a produ\u00e7\u00e3o em pequena escala. Esse movimento reafirma nosso compromisso com formula\u00e7\u00f5es autorais, rastreabilidade dos bioativos e respeito ao tempo pr\u00f3prio dos processos naturais. \n\nA partir desse mesmo fundamento nascem tr\u00eas frentes complementares:\na produ\u00e7\u00e3o de cosm\u00e9ticos naturais com extratos pr\u00f3prios, o servi\u00e7o de Consultoria de Formula\u00e7\u00e3o para desenvolvimento autoral de produtos naturais e org\u00e2nicos, e o Centro de Estudos Bot\u00e2nicos \u2014 espa\u00e7o dedicado ao ensino da Qu\u00edmica Fitoter\u00e1pica, da compreens\u00e3o dos fitoqu\u00edmicos e dos metab\u00f3litos secund\u00e1rios. \n\nA Ecoama se consolida, assim, como um ecossistema integrado de produ\u00e7\u00e3o, pesquisa aplicada e forma\u00e7\u00e3o.\t\t\t\t\t<\/h5>\r\n\t\t\t\t\r\n\t\t\t\t\t\t\t\t\t<div class=\"elementor-cta__button-wrapper elementor-cta__content-item elementor-content-item \">\r\n\t\t\t\t\t<a class=\"elementor-cta__button elementor-button elementor-size-\" href=\"https:\/\/ecoama.eco\/?post_type=product\" target=\"_blank\" rel=\"noopener\">\r\n\t\t\t\t\t\tConhe\u00e7a os Produtos Ecoama\t\t\t\t\t<\/a>\r\n\t\t\t\t\t<\/div>\r\n\t\t\t\t\t\t\t<\/div>\r\n\t\t\t\t\t\t<\/div>\r\n\t\t\t\t\t\t<\/div>\n\t\t\t\t\t<\/div>\n\t\t\t\t<\/div>\n\t\t\t\t<\/div>\n\t\t","protected":false},"excerpt":{"rendered":"<p>Herborista Natural &#8211; Isabela Leal Sou Qu\u00edmica e especialista em Pesquisa e Desenvolvimento de Cosm\u00e9ticos.Doutora em Geoqu\u00edmica Ambiental, com P\u00f3s-Doutorado em Metab\u00f3litos Secund\u00e1rios de Plantas Medicinais. Iniciada na Espagiria \u2014 a Qu\u00edmica Antiga \u2014 e descendente de mulheres curandeiras, integro ci\u00eancia, tradi\u00e7\u00e3o e observa\u00e7\u00e3o da natureza no desenvolvimento das minhas formula\u00e7\u00f5es e estudos. Nossa Jornada [&hellip;]<\/p>\n","protected":false},"author":1,"featured_media":0,"parent":0,"menu_order":0,"comment_status":"closed","ping_status":"closed","template":"","meta":{"footnotes":""},"class_list":["post-134","page","type-page","status-publish","hentry"],"_links":{"self":[{"href":"https:\/\/ecoamalab.com.br\/index.php?rest_route=\/wp\/v2\/pages\/134","targetHints":{"allow":["GET"]}}],"collection":[{"href":"https:\/\/ecoamalab.com.br\/index.php?rest_route=\/wp\/v2\/pages"}],"about":[{"href":"https:\/\/ecoamalab.com.br\/index.php?rest_route=\/wp\/v2\/types\/page"}],"author":[{"embeddable":true,"href":"https:\/\/ecoamalab.com.br\/index.php?rest_route=\/wp\/v2\/users\/1"}],"replies":[{"embeddable":true,"href":"https:\/\/ecoamalab.com.br\/index.php?rest_route=%2Fwp%2Fv2%2Fcomments&post=134"}],"version-history":[{"count":57,"href":"https:\/\/ecoamalab.com.br\/index.php?rest_route=\/wp\/v2\/pages\/134\/revisions"}],"predecessor-version":[{"id":1023,"href":"https:\/\/ecoamalab.com.br\/index.php?rest_route=\/wp\/v2\/pages\/134\/revisions\/1023"}],"wp:attachment":[{"href":"https:\/\/ecoamalab.com.br\/index.php?rest_route=%2Fwp%2Fv2%2Fmedia&parent=134"}],"curies":[{"name":"wp","href":"https:\/\/api.w.org\/{rel}","templated":true}]}}